{"id":98,"date":"2025-07-06T20:20:10","date_gmt":"2025-07-06T18:20:10","guid":{"rendered":"https:\/\/drehleier-werries.de\/fr\/?page_id=98"},"modified":"2025-07-06T20:24:49","modified_gmt":"2025-07-06T18:24:49","slug":"piro-la-vielle-a-roue-melodieuse","status":"publish","type":"page","link":"https:\/\/drehleier-werries.de\/fr\/piro-la-vielle-a-roue-melodieuse\/","title":{"rendered":"Piro, la vielle \u00e0 roue m\u00e9lodieuse"},"content":{"rendered":"\n<p>Dot\u00e9e d&rsquo;une grande caisse, la Piro produit un son puissant et volumineux.<\/p>\n\n\n\n<figure class=\"wp-block-image size-large is-resized\"><img loading=\"lazy\" decoding=\"async\" width=\"1024\" height=\"683\" src=\"https:\/\/drehleier-werries.de\/fr\/wp-content\/uploads\/sites\/3\/2025\/07\/Drehleier_Piro-1024x683.jpg\" alt=\"\" class=\"wp-image-99\" style=\"width:632px\" srcset=\"https:\/\/drehleier-werries.de\/fr\/wp-content\/uploads\/sites\/3\/2025\/07\/Drehleier_Piro-1024x683.jpg 1024w, https:\/\/drehleier-werries.de\/fr\/wp-content\/uploads\/sites\/3\/2025\/07\/Drehleier_Piro-300x200.jpg 300w, https:\/\/drehleier-werries.de\/fr\/wp-content\/uploads\/sites\/3\/2025\/07\/Drehleier_Piro-768x512.jpg 768w, https:\/\/drehleier-werries.de\/fr\/wp-content\/uploads\/sites\/3\/2025\/07\/Drehleier_Piro-1536x1024.jpg 1536w, https:\/\/drehleier-werries.de\/fr\/wp-content\/uploads\/sites\/3\/2025\/07\/Drehleier_Piro-2048x1365.jpg 2048w\" sizes=\"auto, (max-width: 1024px) 100vw, 1024px\" \/><\/figure>\n\n\n\n<h2 class=\"wp-block-heading\">\u00c9quipement<\/h2>\n\n\n\n<p>+ 3 chanterelles (sol, sol di\u00e8se, r\u00e9)<br>+ 2 trompette<br>+ 2 bourdon<br>+ Une bourdon commutable \u00e0 l&rsquo;aide d&rsquo;un capodastre (ton entier, par exemple de C \u00e0 D)<br>+ Une trompette commutable \u00e0 l&rsquo;aide d&rsquo;un capodastre (ton entier, par exemple de C \u00e0 D)<br>+ Le chanterelles est r\u00e9glable en hauteur<br>+ M\u00e9caniques modernes<br>+ Connexion pour sangle \u00e0 deux ou trois points (au choix avec Security Lock)<\/p>\n\n\n\n<p>Gr\u00e2ce \u00e0 ses 3 cordes m\u00e9lodiques et ses 2 capodastres, il est possible de jouer dans un accordage g\/c et dans un accordage d\/g sans avoir \u00e0 r\u00e9accorder l&rsquo;instrument.<\/p>\n\n\n\n<h3 class=\"wp-block-heading\">Caract\u00e9ristiques<\/h3>\n\n\n\n<p>Amplification \u00e9lectrique<\/p>\n","protected":false},"excerpt":{"rendered":"<p>Dot\u00e9e d&rsquo;une grande caisse, la Piro produit un son puissant et volumineux. \u00c9quipement + 3 chanterelles (sol, sol di\u00e8se, r\u00e9)+ 2 trompette+ 2 bourdon+ Une bourdon commutable \u00e0 l&rsquo;aide d&rsquo;un capodastre (ton entier, par exemple de C \u00e0 D)+ Une trompette commutable \u00e0 l&rsquo;aide d&rsquo;un capodastre (ton entier, par exemple de C \u00e0 D)+ Le [&hellip;]<\/p>\n","protected":false},"author":1,"featured_media":0,"parent":0,"menu_order":0,"comment_status":"closed","ping_status":"closed","template":"","meta":{"footnotes":""},"class_list":["post-98","page","type-page","status-publish","hentry"],"blocksy_meta":{"page_structure_type":"type-3","styles_descriptor":{"styles":{"desktop":"","tablet":"","mobile":""},"google_fonts":[],"version":6}},"yoast_head":"<!-- This site is optimized with the Yoast SEO plugin v25.5 - https:\/\/yoast.com\/wordpress\/plugins\/seo\/ -->\n<title>Piro, la vielle \u00e0 roue m\u00e9lodieuse - Vielle \u00e0 roue de Werries<\/title>\n<meta name=\"robots\" content=\"index, follow, max-snippet:-1, max-image-preview:large, max-video-preview:-1\" \/>\n<link rel=\"canonical\" href=\"https:\/\/drehleier-werries.de\/fr\/piro-la-vielle-a-roue-melodieuse\/\" \/>\n<meta property=\"og:locale\" content=\"fr_FR\" \/>\n<meta property=\"og:type\" content=\"article\" \/>\n<meta property=\"og:title\" content=\"Piro, la vielle \u00e0 roue m\u00e9lodieuse - Vielle \u00e0 roue de Werries\" \/>\n<meta property=\"og:description\" content=\"Dot\u00e9e d&rsquo;une grande caisse, la Piro produit un son puissant et volumineux. \u00c9quipement + 3 chanterelles (sol, sol di\u00e8se, r\u00e9)+ 2 trompette+ 2 bourdon+ Une bourdon commutable \u00e0 l&rsquo;aide d&rsquo;un capodastre (ton entier, par exemple de C \u00e0 D)+ Une trompette commutable \u00e0 l&rsquo;aide d&rsquo;un capodastre (ton entier, par exemple de C \u00e0 D)+ Le [&hellip;]\" \/>\n<meta property=\"og:url\" content=\"https:\/\/drehleier-werries.de\/fr\/piro-la-vielle-a-roue-melodieuse\/\" \/>\n<meta property=\"og:site_name\" content=\"Vielle \u00e0 roue de Werries\" \/>\n<meta property=\"article:modified_time\" content=\"2025-07-06T18:24:49+00:00\" \/>\n<meta property=\"og:image\" content=\"https:\/\/drehleier-werries.de\/fr\/wp-content\/uploads\/sites\/3\/2025\/07\/Drehleier_Piro-scaled.jpg\" \/>\n\t<meta property=\"og:image:width\" content=\"2560\" \/>\n\t<meta property=\"og:image:height\" content=\"1707\" \/>\n\t<meta property=\"og:image:type\" content=\"image\/jpeg\" \/>\n<meta name=\"twitter:card\" content=\"summary_large_image\" \/>\n<meta name=\"twitter:label1\" content=\"Dur\u00e9e de lecture estim\u00e9e\" \/>\n\t<meta name=\"twitter:data1\" content=\"1 minute\" \/>\n<script type=\"application\/ld+json\" class=\"yoast-schema-graph\">{\"@context\":\"https:\/\/schema.org\",\"@graph\":[{\"@type\":\"WebPage\",\"@id\":\"https:\/\/drehleier-werries.de\/fr\/piro-la-vielle-a-roue-melodieuse\/\",\"url\":\"https:\/\/drehleier-werries.de\/fr\/piro-la-vielle-a-roue-melodieuse\/\",\"name\":\"Piro, la vielle \u00e0 roue m\u00e9lodieuse - Vielle \u00e0 roue de Werries\",\"isPartOf\":{\"@id\":\"https:\/\/drehleier-werries.de\/fr\/#website\"},\"primaryImageOfPage\":{\"@id\":\"https:\/\/drehleier-werries.de\/fr\/piro-la-vielle-a-roue-melodieuse\/#primaryimage\"},\"image\":{\"@id\":\"https:\/\/drehleier-werries.de\/fr\/piro-la-vielle-a-roue-melodieuse\/#primaryimage\"},\"thumbnailUrl\":\"https:\/\/drehleier-werries.de\/fr\/wp-content\/uploads\/sites\/3\/2025\/07\/Drehleier_Piro-1024x683.jpg\",\"datePublished\":\"2025-07-06T18:20:10+00:00\",\"dateModified\":\"2025-07-06T18:24:49+00:00\",\"breadcrumb\":{\"@id\":\"https:\/\/drehleier-werries.de\/fr\/piro-la-vielle-a-roue-melodieuse\/#breadcrumb\"},\"inLanguage\":\"fr-FR\",\"potentialAction\":[{\"@type\":\"ReadAction\",\"target\":[\"https:\/\/drehleier-werries.de\/fr\/piro-la-vielle-a-roue-melodieuse\/\"]}]},{\"@type\":\"ImageObject\",\"inLanguage\":\"fr-FR\",\"@id\":\"https:\/\/drehleier-werries.de\/fr\/piro-la-vielle-a-roue-melodieuse\/#primaryimage\",\"url\":\"https:\/\/drehleier-werries.de\/fr\/wp-content\/uploads\/sites\/3\/2025\/07\/Drehleier_Piro-scaled.jpg\",\"contentUrl\":\"https:\/\/drehleier-werries.de\/fr\/wp-content\/uploads\/sites\/3\/2025\/07\/Drehleier_Piro-scaled.jpg\",\"width\":2560,\"height\":1707},{\"@type\":\"BreadcrumbList\",\"@id\":\"https:\/\/drehleier-werries.de\/fr\/piro-la-vielle-a-roue-melodieuse\/#breadcrumb\",\"itemListElement\":[{\"@type\":\"ListItem\",\"position\":1,\"name\":\"Startseite\",\"item\":\"https:\/\/drehleier-werries.de\/fr\/\"},{\"@type\":\"ListItem\",\"position\":2,\"name\":\"Piro, la vielle \u00e0 roue m\u00e9lodieuse\"}]},{\"@type\":\"WebSite\",\"@id\":\"https:\/\/drehleier-werries.de\/fr\/#website\",\"url\":\"https:\/\/drehleier-werries.de\/fr\/\",\"name\":\"Vielle \u00e0 roue de Werries\",\"description\":\"Atelier vielles \u00e0 roue Werries\",\"publisher\":{\"@id\":\"https:\/\/drehleier-werries.de\/fr\/#organization\"},\"potentialAction\":[{\"@type\":\"SearchAction\",\"target\":{\"@type\":\"EntryPoint\",\"urlTemplate\":\"https:\/\/drehleier-werries.de\/fr\/?s={search_term_string}\"},\"query-input\":{\"@type\":\"PropertyValueSpecification\",\"valueRequired\":true,\"valueName\":\"search_term_string\"}}],\"inLanguage\":\"fr-FR\"},{\"@type\":\"Organization\",\"@id\":\"https:\/\/drehleier-werries.de\/fr\/#organization\",\"name\":\"Vielle \u00e0 roue de Werries\",\"url\":\"https:\/\/drehleier-werries.de\/fr\/\",\"logo\":{\"@type\":\"ImageObject\",\"inLanguage\":\"fr-FR\",\"@id\":\"https:\/\/drehleier-werries.de\/fr\/#\/schema\/logo\/image\/\",\"url\":\"https:\/\/drehleier-werries.de\/fr\/wp-content\/uploads\/sites\/3\/2025\/07\/Logo-Drehleierwerkstatt-Werries-ohne-Hintergrund.png\",\"contentUrl\":\"https:\/\/drehleier-werries.de\/fr\/wp-content\/uploads\/sites\/3\/2025\/07\/Logo-Drehleierwerkstatt-Werries-ohne-Hintergrund.png\",\"width\":1024,\"height\":592,\"caption\":\"Vielle \u00e0 roue de Werries\"},\"image\":{\"@id\":\"https:\/\/drehleier-werries.de\/fr\/#\/schema\/logo\/image\/\"}}]}<\/script>\n<!-- \/ Yoast SEO plugin. -->","yoast_head_json":{"title":"Piro, la vielle \u00e0 roue m\u00e9lodieuse - Vielle \u00e0 roue de Werries","robots":{"index":"index","follow":"follow","max-snippet":"max-snippet:-1","max-image-preview":"max-image-preview:large","max-video-preview":"max-video-preview:-1"},"canonical":"https:\/\/drehleier-werries.de\/fr\/piro-la-vielle-a-roue-melodieuse\/","og_locale":"fr_FR","og_type":"article","og_title":"Piro, la vielle \u00e0 roue m\u00e9lodieuse - Vielle \u00e0 roue de Werries","og_description":"Dot\u00e9e d&rsquo;une grande caisse, la Piro produit un son puissant et volumineux. \u00c9quipement + 3 chanterelles (sol, sol di\u00e8se, r\u00e9)+ 2 trompette+ 2 bourdon+ Une bourdon commutable \u00e0 l&rsquo;aide d&rsquo;un capodastre (ton entier, par exemple de C \u00e0 D)+ Une trompette commutable \u00e0 l&rsquo;aide d&rsquo;un capodastre (ton entier, par exemple de C \u00e0 D)+ Le [&hellip;]","og_url":"https:\/\/drehleier-werries.de\/fr\/piro-la-vielle-a-roue-melodieuse\/","og_site_name":"Vielle \u00e0 roue de Werries","article_modified_time":"2025-07-06T18:24:49+00:00","og_image":[{"width":2560,"height":1707,"url":"https:\/\/drehleier-werries.de\/fr\/wp-content\/uploads\/sites\/3\/2025\/07\/Drehleier_Piro-scaled.jpg","type":"image\/jpeg"}],"twitter_card":"summary_large_image","twitter_misc":{"Dur\u00e9e de lecture estim\u00e9e":"1 minute"},"schema":{"@context":"https:\/\/schema.org","@graph":[{"@type":"WebPage","@id":"https:\/\/drehleier-werries.de\/fr\/piro-la-vielle-a-roue-melodieuse\/","url":"https:\/\/drehleier-werries.de\/fr\/piro-la-vielle-a-roue-melodieuse\/","name":"Piro, la vielle \u00e0 roue m\u00e9lodieuse - Vielle \u00e0 roue de Werries","isPartOf":{"@id":"https:\/\/drehleier-werries.de\/fr\/#website"},"primaryImageOfPage":{"@id":"https:\/\/drehleier-werries.de\/fr\/piro-la-vielle-a-roue-melodieuse\/#primaryimage"},"image":{"@id":"https:\/\/drehleier-werries.de\/fr\/piro-la-vielle-a-roue-melodieuse\/#primaryimage"},"thumbnailUrl":"https:\/\/drehleier-werries.de\/fr\/wp-content\/uploads\/sites\/3\/2025\/07\/Drehleier_Piro-1024x683.jpg","datePublished":"2025-07-06T18:20:10+00:00","dateModified":"2025-07-06T18:24:49+00:00","breadcrumb":{"@id":"https:\/\/drehleier-werries.de\/fr\/piro-la-vielle-a-roue-melodieuse\/#breadcrumb"},"inLanguage":"fr-FR","potentialAction":[{"@type":"ReadAction","target":["https:\/\/drehleier-werries.de\/fr\/piro-la-vielle-a-roue-melodieuse\/"]}]},{"@type":"ImageObject","inLanguage":"fr-FR","@id":"https:\/\/drehleier-werries.de\/fr\/piro-la-vielle-a-roue-melodieuse\/#primaryimage","url":"https:\/\/drehleier-werries.de\/fr\/wp-content\/uploads\/sites\/3\/2025\/07\/Drehleier_Piro-scaled.jpg","contentUrl":"https:\/\/drehleier-werries.de\/fr\/wp-content\/uploads\/sites\/3\/2025\/07\/Drehleier_Piro-scaled.jpg","width":2560,"height":1707},{"@type":"BreadcrumbList","@id":"https:\/\/drehleier-werries.de\/fr\/piro-la-vielle-a-roue-melodieuse\/#breadcrumb","itemListElement":[{"@type":"ListItem","position":1,"name":"Startseite","item":"https:\/\/drehleier-werries.de\/fr\/"},{"@type":"ListItem","position":2,"name":"Piro, la vielle \u00e0 roue m\u00e9lodieuse"}]},{"@type":"WebSite","@id":"https:\/\/drehleier-werries.de\/fr\/#website","url":"https:\/\/drehleier-werries.de\/fr\/","name":"Vielle \u00e0 roue de Werries","description":"Atelier vielles \u00e0 roue Werries","publisher":{"@id":"https:\/\/drehleier-werries.de\/fr\/#organization"},"potentialAction":[{"@type":"SearchAction","target":{"@type":"EntryPoint","urlTemplate":"https:\/\/drehleier-werries.de\/fr\/?s={search_term_string}"},"query-input":{"@type":"PropertyValueSpecification","valueRequired":true,"valueName":"search_term_string"}}],"inLanguage":"fr-FR"},{"@type":"Organization","@id":"https:\/\/drehleier-werries.de\/fr\/#organization","name":"Vielle \u00e0 roue de Werries","url":"https:\/\/drehleier-werries.de\/fr\/","logo":{"@type":"ImageObject","inLanguage":"fr-FR","@id":"https:\/\/drehleier-werries.de\/fr\/#\/schema\/logo\/image\/","url":"https:\/\/drehleier-werries.de\/fr\/wp-content\/uploads\/sites\/3\/2025\/07\/Logo-Drehleierwerkstatt-Werries-ohne-Hintergrund.png","contentUrl":"https:\/\/drehleier-werries.de\/fr\/wp-content\/uploads\/sites\/3\/2025\/07\/Logo-Drehleierwerkstatt-Werries-ohne-Hintergrund.png","width":1024,"height":592,"caption":"Vielle \u00e0 roue de Werries"},"image":{"@id":"https:\/\/drehleier-werries.de\/fr\/#\/schema\/logo\/image\/"}}]}},"_links":{"self":[{"href":"https:\/\/drehleier-werries.de\/fr\/wp-json\/wp\/v2\/pages\/98","targetHints":{"allow":["GET"]}}],"collection":[{"href":"https:\/\/drehleier-werries.de\/fr\/wp-json\/wp\/v2\/pages"}],"about":[{"href":"https:\/\/drehleier-werries.de\/fr\/wp-json\/wp\/v2\/types\/page"}],"author":[{"embeddable":true,"href":"https:\/\/drehleier-werries.de\/fr\/wp-json\/wp\/v2\/users\/1"}],"replies":[{"embeddable":true,"href":"https:\/\/drehleier-werries.de\/fr\/wp-json\/wp\/v2\/comments?post=98"}],"version-history":[{"count":2,"href":"https:\/\/drehleier-werries.de\/fr\/wp-json\/wp\/v2\/pages\/98\/revisions"}],"predecessor-version":[{"id":102,"href":"https:\/\/drehleier-werries.de\/fr\/wp-json\/wp\/v2\/pages\/98\/revisions\/102"}],"wp:attachment":[{"href":"https:\/\/drehleier-werries.de\/fr\/wp-json\/wp\/v2\/media?parent=98"}],"curies":[{"name":"wp","href":"https:\/\/api.w.org\/{rel}","templated":true}]}}