{"id":38,"date":"2025-06-08T16:42:44","date_gmt":"2025-06-08T14:42:44","guid":{"rendered":"https:\/\/drehleier-werries.de\/fr\/?page_id=38"},"modified":"2025-06-08T16:56:07","modified_gmt":"2025-06-08T14:56:07","slug":"service","status":"publish","type":"page","link":"https:\/\/drehleier-werries.de\/fr\/service\/","title":{"rendered":"Service"},"content":{"rendered":"\n<p>M\u00eame la meilleure vielle \u00e0 roue a besoin d&rsquo;\u00eatre entretenue de temps en temps pour garantir un son fiable et un jeu fluide.<\/p>\n\n\n\n<p>Je me charge pour toi :<br>\u2013 du r\u00e9ajustement et du r\u00e9glage professionnels de ta vielle \u00e0 roue<br>\u2013 des r\u00e9parations en cas de d\u00e9fauts ou d&rsquo;usure due \u00e0 l&rsquo;\u00e2ge<\/p>\n\n\n\n<p>N&rsquo;h\u00e9site pas \u00e0 me contacter pour discuter de tes souhaits et convenir d&rsquo;un rendez-vous.<\/p>\n\n\n\n<figure class=\"wp-block-image size-large is-resized\"><img loading=\"lazy\" decoding=\"async\" width=\"1024\" height=\"683\" src=\"https:\/\/drehleier-werries.de\/fr\/wp-content\/uploads\/sites\/3\/2025\/06\/Drehleier-Teilansicht-1024x683.jpg\" alt=\"\" class=\"wp-image-24\" style=\"width:600px\" srcset=\"https:\/\/drehleier-werries.de\/fr\/wp-content\/uploads\/sites\/3\/2025\/06\/Drehleier-Teilansicht-1024x683.jpg 1024w, https:\/\/drehleier-werries.de\/fr\/wp-content\/uploads\/sites\/3\/2025\/06\/Drehleier-Teilansicht-300x200.jpg 300w, https:\/\/drehleier-werries.de\/fr\/wp-content\/uploads\/sites\/3\/2025\/06\/Drehleier-Teilansicht-768x512.jpg 768w, https:\/\/drehleier-werries.de\/fr\/wp-content\/uploads\/sites\/3\/2025\/06\/Drehleier-Teilansicht.jpg 1536w\" sizes=\"auto, (max-width: 1024px) 100vw, 1024px\" \/><\/figure>\n\n\n\n<p><\/p>\n","protected":false},"excerpt":{"rendered":"<p>M\u00eame la meilleure vielle \u00e0 roue a besoin d&rsquo;\u00eatre entretenue de temps en temps pour garantir un son fiable et un jeu fluide. Je me charge pour toi :\u2013 du r\u00e9ajustement et du r\u00e9glage professionnels de ta vielle \u00e0 roue\u2013 des r\u00e9parations en cas de d\u00e9fauts ou d&rsquo;usure due \u00e0 l&rsquo;\u00e2ge N&rsquo;h\u00e9site pas \u00e0 me [&hellip;]<\/p>\n","protected":false},"author":1,"featured_media":0,"parent":0,"menu_order":0,"comment_status":"closed","ping_status":"closed","template":"","meta":{"footnotes":""},"class_list":["post-38","page","type-page","status-publish","hentry"],"blocksy_meta":{"page_structure_type":"type-3","styles_descriptor":{"styles":{"desktop":"","tablet":"","mobile":""},"google_fonts":[],"version":6}},"yoast_head":"<!-- This site is optimized with the Yoast SEO plugin v25.5 - https:\/\/yoast.com\/wordpress\/plugins\/seo\/ -->\n<title>Service - Vielle \u00e0 roue de Werries<\/title>\n<meta name=\"robots\" content=\"index, follow, max-snippet:-1, max-image-preview:large, max-video-preview:-1\" \/>\n<link rel=\"canonical\" href=\"https:\/\/drehleier-werries.de\/fr\/service\/\" \/>\n<meta property=\"og:locale\" content=\"fr_FR\" \/>\n<meta property=\"og:type\" content=\"article\" \/>\n<meta property=\"og:title\" content=\"Service - Vielle \u00e0 roue de Werries\" \/>\n<meta property=\"og:description\" content=\"M\u00eame la meilleure vielle \u00e0 roue a besoin d&rsquo;\u00eatre entretenue de temps en temps pour garantir un son fiable et un jeu fluide. Je me charge pour toi :\u2013 du r\u00e9ajustement et du r\u00e9glage professionnels de ta vielle \u00e0 roue\u2013 des r\u00e9parations en cas de d\u00e9fauts ou d&rsquo;usure due \u00e0 l&rsquo;\u00e2ge N&rsquo;h\u00e9site pas \u00e0 me [&hellip;]\" \/>\n<meta property=\"og:url\" content=\"https:\/\/drehleier-werries.de\/fr\/service\/\" \/>\n<meta property=\"og:site_name\" content=\"Vielle \u00e0 roue de Werries\" \/>\n<meta property=\"article:modified_time\" content=\"2025-06-08T14:56:07+00:00\" \/>\n<meta property=\"og:image\" content=\"https:\/\/drehleier-werries.de\/fr\/wp-content\/uploads\/sites\/3\/2025\/06\/Drehleier-Teilansicht.jpg\" \/>\n\t<meta property=\"og:image:width\" content=\"1536\" \/>\n\t<meta property=\"og:image:height\" content=\"1024\" \/>\n\t<meta property=\"og:image:type\" content=\"image\/jpeg\" \/>\n<meta name=\"twitter:card\" content=\"summary_large_image\" \/>\n<meta name=\"twitter:label1\" content=\"Dur\u00e9e de lecture estim\u00e9e\" \/>\n\t<meta name=\"twitter:data1\" content=\"1 minute\" \/>\n<script type=\"application\/ld+json\" class=\"yoast-schema-graph\">{\"@context\":\"https:\/\/schema.org\",\"@graph\":[{\"@type\":\"WebPage\",\"@id\":\"https:\/\/drehleier-werries.de\/fr\/service\/\",\"url\":\"https:\/\/drehleier-werries.de\/fr\/service\/\",\"name\":\"Service - Vielle \u00e0 roue de Werries\",\"isPartOf\":{\"@id\":\"https:\/\/drehleier-werries.de\/fr\/#website\"},\"primaryImageOfPage\":{\"@id\":\"https:\/\/drehleier-werries.de\/fr\/service\/#primaryimage\"},\"image\":{\"@id\":\"https:\/\/drehleier-werries.de\/fr\/service\/#primaryimage\"},\"thumbnailUrl\":\"https:\/\/drehleier-werries.de\/fr\/wp-content\/uploads\/sites\/3\/2025\/06\/Drehleier-Teilansicht-1024x683.jpg\",\"datePublished\":\"2025-06-08T14:42:44+00:00\",\"dateModified\":\"2025-06-08T14:56:07+00:00\",\"breadcrumb\":{\"@id\":\"https:\/\/drehleier-werries.de\/fr\/service\/#breadcrumb\"},\"inLanguage\":\"fr-FR\",\"potentialAction\":[{\"@type\":\"ReadAction\",\"target\":[\"https:\/\/drehleier-werries.de\/fr\/service\/\"]}]},{\"@type\":\"ImageObject\",\"inLanguage\":\"fr-FR\",\"@id\":\"https:\/\/drehleier-werries.de\/fr\/service\/#primaryimage\",\"url\":\"https:\/\/drehleier-werries.de\/fr\/wp-content\/uploads\/sites\/3\/2025\/06\/Drehleier-Teilansicht.jpg\",\"contentUrl\":\"https:\/\/drehleier-werries.de\/fr\/wp-content\/uploads\/sites\/3\/2025\/06\/Drehleier-Teilansicht.jpg\",\"width\":1536,\"height\":1024},{\"@type\":\"BreadcrumbList\",\"@id\":\"https:\/\/drehleier-werries.de\/fr\/service\/#breadcrumb\",\"itemListElement\":[{\"@type\":\"ListItem\",\"position\":1,\"name\":\"Startseite\",\"item\":\"https:\/\/drehleier-werries.de\/fr\/\"},{\"@type\":\"ListItem\",\"position\":2,\"name\":\"Service\"}]},{\"@type\":\"WebSite\",\"@id\":\"https:\/\/drehleier-werries.de\/fr\/#website\",\"url\":\"https:\/\/drehleier-werries.de\/fr\/\",\"name\":\"Vielle \u00e0 roue de Werries\",\"description\":\"Atelier vielles \u00e0 roue Werries\",\"publisher\":{\"@id\":\"https:\/\/drehleier-werries.de\/fr\/#organization\"},\"potentialAction\":[{\"@type\":\"SearchAction\",\"target\":{\"@type\":\"EntryPoint\",\"urlTemplate\":\"https:\/\/drehleier-werries.de\/fr\/?s={search_term_string}\"},\"query-input\":{\"@type\":\"PropertyValueSpecification\",\"valueRequired\":true,\"valueName\":\"search_term_string\"}}],\"inLanguage\":\"fr-FR\"},{\"@type\":\"Organization\",\"@id\":\"https:\/\/drehleier-werries.de\/fr\/#organization\",\"name\":\"Vielle \u00e0 roue de Werries\",\"url\":\"https:\/\/drehleier-werries.de\/fr\/\",\"logo\":{\"@type\":\"ImageObject\",\"inLanguage\":\"fr-FR\",\"@id\":\"https:\/\/drehleier-werries.de\/fr\/#\/schema\/logo\/image\/\",\"url\":\"https:\/\/drehleier-werries.de\/fr\/wp-content\/uploads\/sites\/3\/2025\/07\/Logo-Drehleierwerkstatt-Werries-ohne-Hintergrund.png\",\"contentUrl\":\"https:\/\/drehleier-werries.de\/fr\/wp-content\/uploads\/sites\/3\/2025\/07\/Logo-Drehleierwerkstatt-Werries-ohne-Hintergrund.png\",\"width\":1024,\"height\":592,\"caption\":\"Vielle \u00e0 roue de Werries\"},\"image\":{\"@id\":\"https:\/\/drehleier-werries.de\/fr\/#\/schema\/logo\/image\/\"}}]}<\/script>\n<!-- \/ Yoast SEO plugin. -->","yoast_head_json":{"title":"Service - Vielle \u00e0 roue de Werries","robots":{"index":"index","follow":"follow","max-snippet":"max-snippet:-1","max-image-preview":"max-image-preview:large","max-video-preview":"max-video-preview:-1"},"canonical":"https:\/\/drehleier-werries.de\/fr\/service\/","og_locale":"fr_FR","og_type":"article","og_title":"Service - Vielle \u00e0 roue de Werries","og_description":"M\u00eame la meilleure vielle \u00e0 roue a besoin d&rsquo;\u00eatre entretenue de temps en temps pour garantir un son fiable et un jeu fluide. Je me charge pour toi :\u2013 du r\u00e9ajustement et du r\u00e9glage professionnels de ta vielle \u00e0 roue\u2013 des r\u00e9parations en cas de d\u00e9fauts ou d&rsquo;usure due \u00e0 l&rsquo;\u00e2ge N&rsquo;h\u00e9site pas \u00e0 me [&hellip;]","og_url":"https:\/\/drehleier-werries.de\/fr\/service\/","og_site_name":"Vielle \u00e0 roue de Werries","article_modified_time":"2025-06-08T14:56:07+00:00","og_image":[{"width":1536,"height":1024,"url":"https:\/\/drehleier-werries.de\/fr\/wp-content\/uploads\/sites\/3\/2025\/06\/Drehleier-Teilansicht.jpg","type":"image\/jpeg"}],"twitter_card":"summary_large_image","twitter_misc":{"Dur\u00e9e de lecture estim\u00e9e":"1 minute"},"schema":{"@context":"https:\/\/schema.org","@graph":[{"@type":"WebPage","@id":"https:\/\/drehleier-werries.de\/fr\/service\/","url":"https:\/\/drehleier-werries.de\/fr\/service\/","name":"Service - Vielle \u00e0 roue de Werries","isPartOf":{"@id":"https:\/\/drehleier-werries.de\/fr\/#website"},"primaryImageOfPage":{"@id":"https:\/\/drehleier-werries.de\/fr\/service\/#primaryimage"},"image":{"@id":"https:\/\/drehleier-werries.de\/fr\/service\/#primaryimage"},"thumbnailUrl":"https:\/\/drehleier-werries.de\/fr\/wp-content\/uploads\/sites\/3\/2025\/06\/Drehleier-Teilansicht-1024x683.jpg","datePublished":"2025-06-08T14:42:44+00:00","dateModified":"2025-06-08T14:56:07+00:00","breadcrumb":{"@id":"https:\/\/drehleier-werries.de\/fr\/service\/#breadcrumb"},"inLanguage":"fr-FR","potentialAction":[{"@type":"ReadAction","target":["https:\/\/drehleier-werries.de\/fr\/service\/"]}]},{"@type":"ImageObject","inLanguage":"fr-FR","@id":"https:\/\/drehleier-werries.de\/fr\/service\/#primaryimage","url":"https:\/\/drehleier-werries.de\/fr\/wp-content\/uploads\/sites\/3\/2025\/06\/Drehleier-Teilansicht.jpg","contentUrl":"https:\/\/drehleier-werries.de\/fr\/wp-content\/uploads\/sites\/3\/2025\/06\/Drehleier-Teilansicht.jpg","width":1536,"height":1024},{"@type":"BreadcrumbList","@id":"https:\/\/drehleier-werries.de\/fr\/service\/#breadcrumb","itemListElement":[{"@type":"ListItem","position":1,"name":"Startseite","item":"https:\/\/drehleier-werries.de\/fr\/"},{"@type":"ListItem","position":2,"name":"Service"}]},{"@type":"WebSite","@id":"https:\/\/drehleier-werries.de\/fr\/#website","url":"https:\/\/drehleier-werries.de\/fr\/","name":"Vielle \u00e0 roue de Werries","description":"Atelier vielles \u00e0 roue Werries","publisher":{"@id":"https:\/\/drehleier-werries.de\/fr\/#organization"},"potentialAction":[{"@type":"SearchAction","target":{"@type":"EntryPoint","urlTemplate":"https:\/\/drehleier-werries.de\/fr\/?s={search_term_string}"},"query-input":{"@type":"PropertyValueSpecification","valueRequired":true,"valueName":"search_term_string"}}],"inLanguage":"fr-FR"},{"@type":"Organization","@id":"https:\/\/drehleier-werries.de\/fr\/#organization","name":"Vielle \u00e0 roue de Werries","url":"https:\/\/drehleier-werries.de\/fr\/","logo":{"@type":"ImageObject","inLanguage":"fr-FR","@id":"https:\/\/drehleier-werries.de\/fr\/#\/schema\/logo\/image\/","url":"https:\/\/drehleier-werries.de\/fr\/wp-content\/uploads\/sites\/3\/2025\/07\/Logo-Drehleierwerkstatt-Werries-ohne-Hintergrund.png","contentUrl":"https:\/\/drehleier-werries.de\/fr\/wp-content\/uploads\/sites\/3\/2025\/07\/Logo-Drehleierwerkstatt-Werries-ohne-Hintergrund.png","width":1024,"height":592,"caption":"Vielle \u00e0 roue de Werries"},"image":{"@id":"https:\/\/drehleier-werries.de\/fr\/#\/schema\/logo\/image\/"}}]}},"_links":{"self":[{"href":"https:\/\/drehleier-werries.de\/fr\/wp-json\/wp\/v2\/pages\/38","targetHints":{"allow":["GET"]}}],"collection":[{"href":"https:\/\/drehleier-werries.de\/fr\/wp-json\/wp\/v2\/pages"}],"about":[{"href":"https:\/\/drehleier-werries.de\/fr\/wp-json\/wp\/v2\/types\/page"}],"author":[{"embeddable":true,"href":"https:\/\/drehleier-werries.de\/fr\/wp-json\/wp\/v2\/users\/1"}],"replies":[{"embeddable":true,"href":"https:\/\/drehleier-werries.de\/fr\/wp-json\/wp\/v2\/comments?post=38"}],"version-history":[{"count":2,"href":"https:\/\/drehleier-werries.de\/fr\/wp-json\/wp\/v2\/pages\/38\/revisions"}],"predecessor-version":[{"id":42,"href":"https:\/\/drehleier-werries.de\/fr\/wp-json\/wp\/v2\/pages\/38\/revisions\/42"}],"wp:attachment":[{"href":"https:\/\/drehleier-werries.de\/fr\/wp-json\/wp\/v2\/media?parent=38"}],"curies":[{"name":"wp","href":"https:\/\/api.w.org\/{rel}","templated":true}]}}