{"id":33,"date":"2025-06-08T16:40:14","date_gmt":"2025-06-08T14:40:14","guid":{"rendered":"https:\/\/drehleier-werries.de\/fr\/?page_id=33"},"modified":"2025-06-08T16:55:27","modified_gmt":"2025-06-08T14:55:27","slug":"declaration-de-confidentialite","status":"publish","type":"page","link":"https:\/\/drehleier-werries.de\/fr\/declaration-de-confidentialite\/","title":{"rendered":"D\u00e9claration de confidentialit\u00e9"},"content":{"rendered":"","protected":false},"excerpt":{"rendered":"","protected":false},"author":1,"featured_media":0,"parent":0,"menu_order":0,"comment_status":"closed","ping_status":"closed","template":"","meta":{"footnotes":""},"class_list":["post-33","page","type-page","status-publish","hentry"],"blocksy_meta":{"page_structure_type":"type-3","styles_descriptor":{"styles":{"desktop":"","tablet":"","mobile":""},"google_fonts":[],"version":6}},"yoast_head":"<!-- This site is optimized with the Yoast SEO plugin v25.5 - https:\/\/yoast.com\/wordpress\/plugins\/seo\/ -->\n<title>D\u00e9claration de confidentialit\u00e9 - Vielle \u00e0 roue de Werries<\/title>\n<meta name=\"robots\" content=\"index, follow, max-snippet:-1, max-image-preview:large, max-video-preview:-1\" \/>\n<link rel=\"canonical\" href=\"https:\/\/drehleier-werries.de\/fr\/declaration-de-confidentialite\/\" \/>\n<meta property=\"og:locale\" content=\"fr_FR\" \/>\n<meta property=\"og:type\" content=\"article\" \/>\n<meta property=\"og:title\" content=\"D\u00e9claration de confidentialit\u00e9 - Vielle \u00e0 roue de Werries\" \/>\n<meta property=\"og:url\" content=\"https:\/\/drehleier-werries.de\/fr\/declaration-de-confidentialite\/\" \/>\n<meta property=\"og:site_name\" content=\"Vielle \u00e0 roue de Werries\" \/>\n<meta property=\"article:modified_time\" content=\"2025-06-08T14:55:27+00:00\" \/>\n<meta name=\"twitter:card\" content=\"summary_large_image\" \/>\n<script type=\"application\/ld+json\" class=\"yoast-schema-graph\">{\"@context\":\"https:\/\/schema.org\",\"@graph\":[{\"@type\":\"WebPage\",\"@id\":\"https:\/\/drehleier-werries.de\/fr\/declaration-de-confidentialite\/\",\"url\":\"https:\/\/drehleier-werries.de\/fr\/declaration-de-confidentialite\/\",\"name\":\"D\u00e9claration de confidentialit\u00e9 - Vielle \u00e0 roue de Werries\",\"isPartOf\":{\"@id\":\"https:\/\/drehleier-werries.de\/fr\/#website\"},\"datePublished\":\"2025-06-08T14:40:14+00:00\",\"dateModified\":\"2025-06-08T14:55:27+00:00\",\"breadcrumb\":{\"@id\":\"https:\/\/drehleier-werries.de\/fr\/declaration-de-confidentialite\/#breadcrumb\"},\"inLanguage\":\"fr-FR\",\"potentialAction\":[{\"@type\":\"ReadAction\",\"target\":[\"https:\/\/drehleier-werries.de\/fr\/declaration-de-confidentialite\/\"]}]},{\"@type\":\"BreadcrumbList\",\"@id\":\"https:\/\/drehleier-werries.de\/fr\/declaration-de-confidentialite\/#breadcrumb\",\"itemListElement\":[{\"@type\":\"ListItem\",\"position\":1,\"name\":\"Startseite\",\"item\":\"https:\/\/drehleier-werries.de\/fr\/\"},{\"@type\":\"ListItem\",\"position\":2,\"name\":\"D\u00e9claration de confidentialit\u00e9\"}]},{\"@type\":\"WebSite\",\"@id\":\"https:\/\/drehleier-werries.de\/fr\/#website\",\"url\":\"https:\/\/drehleier-werries.de\/fr\/\",\"name\":\"Vielle \u00e0 roue de Werries\",\"description\":\"Atelier vielles \u00e0 roue Werries\",\"publisher\":{\"@id\":\"https:\/\/drehleier-werries.de\/fr\/#organization\"},\"potentialAction\":[{\"@type\":\"SearchAction\",\"target\":{\"@type\":\"EntryPoint\",\"urlTemplate\":\"https:\/\/drehleier-werries.de\/fr\/?s={search_term_string}\"},\"query-input\":{\"@type\":\"PropertyValueSpecification\",\"valueRequired\":true,\"valueName\":\"search_term_string\"}}],\"inLanguage\":\"fr-FR\"},{\"@type\":\"Organization\",\"@id\":\"https:\/\/drehleier-werries.de\/fr\/#organization\",\"name\":\"Vielle \u00e0 roue de Werries\",\"url\":\"https:\/\/drehleier-werries.de\/fr\/\",\"logo\":{\"@type\":\"ImageObject\",\"inLanguage\":\"fr-FR\",\"@id\":\"https:\/\/drehleier-werries.de\/fr\/#\/schema\/logo\/image\/\",\"url\":\"https:\/\/drehleier-werries.de\/fr\/wp-content\/uploads\/sites\/3\/2025\/07\/Logo-Drehleierwerkstatt-Werries-ohne-Hintergrund.png\",\"contentUrl\":\"https:\/\/drehleier-werries.de\/fr\/wp-content\/uploads\/sites\/3\/2025\/07\/Logo-Drehleierwerkstatt-Werries-ohne-Hintergrund.png\",\"width\":1024,\"height\":592,\"caption\":\"Vielle \u00e0 roue de Werries\"},\"image\":{\"@id\":\"https:\/\/drehleier-werries.de\/fr\/#\/schema\/logo\/image\/\"}}]}<\/script>\n<!-- \/ Yoast SEO plugin. -->","yoast_head_json":{"title":"D\u00e9claration de confidentialit\u00e9 - Vielle \u00e0 roue de Werries","robots":{"index":"index","follow":"follow","max-snippet":"max-snippet:-1","max-image-preview":"max-image-preview:large","max-video-preview":"max-video-preview:-1"},"canonical":"https:\/\/drehleier-werries.de\/fr\/declaration-de-confidentialite\/","og_locale":"fr_FR","og_type":"article","og_title":"D\u00e9claration de confidentialit\u00e9 - Vielle \u00e0 roue de Werries","og_url":"https:\/\/drehleier-werries.de\/fr\/declaration-de-confidentialite\/","og_site_name":"Vielle \u00e0 roue de Werries","article_modified_time":"2025-06-08T14:55:27+00:00","twitter_card":"summary_large_image","schema":{"@context":"https:\/\/schema.org","@graph":[{"@type":"WebPage","@id":"https:\/\/drehleier-werries.de\/fr\/declaration-de-confidentialite\/","url":"https:\/\/drehleier-werries.de\/fr\/declaration-de-confidentialite\/","name":"D\u00e9claration de confidentialit\u00e9 - Vielle \u00e0 roue de Werries","isPartOf":{"@id":"https:\/\/drehleier-werries.de\/fr\/#website"},"datePublished":"2025-06-08T14:40:14+00:00","dateModified":"2025-06-08T14:55:27+00:00","breadcrumb":{"@id":"https:\/\/drehleier-werries.de\/fr\/declaration-de-confidentialite\/#breadcrumb"},"inLanguage":"fr-FR","potentialAction":[{"@type":"ReadAction","target":["https:\/\/drehleier-werries.de\/fr\/declaration-de-confidentialite\/"]}]},{"@type":"BreadcrumbList","@id":"https:\/\/drehleier-werries.de\/fr\/declaration-de-confidentialite\/#breadcrumb","itemListElement":[{"@type":"ListItem","position":1,"name":"Startseite","item":"https:\/\/drehleier-werries.de\/fr\/"},{"@type":"ListItem","position":2,"name":"D\u00e9claration de confidentialit\u00e9"}]},{"@type":"WebSite","@id":"https:\/\/drehleier-werries.de\/fr\/#website","url":"https:\/\/drehleier-werries.de\/fr\/","name":"Vielle \u00e0 roue de Werries","description":"Atelier vielles \u00e0 roue Werries","publisher":{"@id":"https:\/\/drehleier-werries.de\/fr\/#organization"},"potentialAction":[{"@type":"SearchAction","target":{"@type":"EntryPoint","urlTemplate":"https:\/\/drehleier-werries.de\/fr\/?s={search_term_string}"},"query-input":{"@type":"PropertyValueSpecification","valueRequired":true,"valueName":"search_term_string"}}],"inLanguage":"fr-FR"},{"@type":"Organization","@id":"https:\/\/drehleier-werries.de\/fr\/#organization","name":"Vielle \u00e0 roue de Werries","url":"https:\/\/drehleier-werries.de\/fr\/","logo":{"@type":"ImageObject","inLanguage":"fr-FR","@id":"https:\/\/drehleier-werries.de\/fr\/#\/schema\/logo\/image\/","url":"https:\/\/drehleier-werries.de\/fr\/wp-content\/uploads\/sites\/3\/2025\/07\/Logo-Drehleierwerkstatt-Werries-ohne-Hintergrund.png","contentUrl":"https:\/\/drehleier-werries.de\/fr\/wp-content\/uploads\/sites\/3\/2025\/07\/Logo-Drehleierwerkstatt-Werries-ohne-Hintergrund.png","width":1024,"height":592,"caption":"Vielle \u00e0 roue de Werries"},"image":{"@id":"https:\/\/drehleier-werries.de\/fr\/#\/schema\/logo\/image\/"}}]}},"_links":{"self":[{"href":"https:\/\/drehleier-werries.de\/fr\/wp-json\/wp\/v2\/pages\/33","targetHints":{"allow":["GET"]}}],"collection":[{"href":"https:\/\/drehleier-werries.de\/fr\/wp-json\/wp\/v2\/pages"}],"about":[{"href":"https:\/\/drehleier-werries.de\/fr\/wp-json\/wp\/v2\/types\/page"}],"author":[{"embeddable":true,"href":"https:\/\/drehleier-werries.de\/fr\/wp-json\/wp\/v2\/users\/1"}],"replies":[{"embeddable":true,"href":"https:\/\/drehleier-werries.de\/fr\/wp-json\/wp\/v2\/comments?post=33"}],"version-history":[{"count":1,"href":"https:\/\/drehleier-werries.de\/fr\/wp-json\/wp\/v2\/pages\/33\/revisions"}],"predecessor-version":[{"id":34,"href":"https:\/\/drehleier-werries.de\/fr\/wp-json\/wp\/v2\/pages\/33\/revisions\/34"}],"wp:attachment":[{"href":"https:\/\/drehleier-werries.de\/fr\/wp-json\/wp\/v2\/media?parent=33"}],"curies":[{"name":"wp","href":"https:\/\/api.w.org\/{rel}","templated":true}]}}