{"id":17,"date":"2025-06-08T14:22:11","date_gmt":"2025-06-08T12:22:11","guid":{"rendered":"https:\/\/drehleier-werries.de\/fr\/?page_id=17"},"modified":"2025-07-06T20:28:08","modified_gmt":"2025-07-06T18:28:08","slug":"modeles","status":"publish","type":"page","link":"https:\/\/drehleier-werries.de\/fr\/modeles\/","title":{"rendered":"Mod\u00e8les"},"content":{"rendered":"\n<p>Je propose 3 mod\u00e8les diff\u00e9rents pour les diff\u00e9rentes applications.<\/p>\n\n\n\n<h2 class=\"wp-block-heading\">Esprimo<\/h2>\n\n\n\n<figure class=\"wp-block-image size-large is-resized\"><a href=\"https:\/\/drehleier-werries.de\/fr\/esprimo\/\"><img loading=\"lazy\" decoding=\"async\" width=\"1024\" height=\"683\" src=\"https:\/\/drehleier-werries.de\/fr\/wp-content\/uploads\/sites\/3\/2025\/06\/esprimo-frei-1536x1024-1-1024x683.jpg\" alt=\"Vielle \u00e0 rou Esprimo\" class=\"wp-image-25\" style=\"width:650px\" srcset=\"https:\/\/drehleier-werries.de\/fr\/wp-content\/uploads\/sites\/3\/2025\/06\/esprimo-frei-1536x1024-1-1024x683.jpg 1024w, https:\/\/drehleier-werries.de\/fr\/wp-content\/uploads\/sites\/3\/2025\/06\/esprimo-frei-1536x1024-1-300x200.jpg 300w, https:\/\/drehleier-werries.de\/fr\/wp-content\/uploads\/sites\/3\/2025\/06\/esprimo-frei-1536x1024-1-768x512.jpg 768w, https:\/\/drehleier-werries.de\/fr\/wp-content\/uploads\/sites\/3\/2025\/06\/esprimo-frei-1536x1024-1.jpg 1536w\" sizes=\"auto, (max-width: 1024px) 100vw, 1024px\" \/><\/a><figcaption class=\"wp-element-caption\">Vielle \u00e0 rou Esprimo<\/figcaption><\/figure>\n\n\n\n<h2 class=\"wp-block-heading\">E-Viga<\/h2>\n\n\n\n<figure class=\"wp-block-image size-large is-resized\"><a href=\"https:\/\/drehleier-werries.de\/fr\/e-viella\/\"><img loading=\"lazy\" decoding=\"async\" width=\"1024\" height=\"683\" src=\"https:\/\/drehleier-werries.de\/fr\/wp-content\/uploads\/sites\/3\/2025\/06\/elektra9-1024x683.jpg\" alt=\"\" class=\"wp-image-51\" style=\"width:600px\" srcset=\"https:\/\/drehleier-werries.de\/fr\/wp-content\/uploads\/sites\/3\/2025\/06\/elektra9-1024x683.jpg 1024w, https:\/\/drehleier-werries.de\/fr\/wp-content\/uploads\/sites\/3\/2025\/06\/elektra9-300x200.jpg 300w, https:\/\/drehleier-werries.de\/fr\/wp-content\/uploads\/sites\/3\/2025\/06\/elektra9-768x512.jpg 768w, https:\/\/drehleier-werries.de\/fr\/wp-content\/uploads\/sites\/3\/2025\/06\/elektra9-1536x1024.jpg 1536w, https:\/\/drehleier-werries.de\/fr\/wp-content\/uploads\/sites\/3\/2025\/06\/elektra9-2048x1365.jpg 2048w\" sizes=\"auto, (max-width: 1024px) 100vw, 1024px\" \/><\/a><\/figure>\n\n\n\n<h2 class=\"wp-block-heading\">Piro<\/h2>\n\n\n\n<p>Mon dernier mod\u00e8le, <a href=\"https:\/\/drehleier-werries.de\/fr\/piro-la-vielle-a-roue-melodieuse\/\">Piro<\/a>, est pr\u00e9sent\u00e9 dans Le Son Continu.<\/p>\n\n\n\n<figure class=\"wp-block-image size-large is-resized\"><a href=\"https:\/\/drehleier-werries.de\/fr\/piro-la-vielle-a-roue-melodieuse\/\"><img loading=\"lazy\" decoding=\"async\" width=\"1024\" height=\"683\" src=\"https:\/\/drehleier-werries.de\/fr\/wp-content\/uploads\/sites\/3\/2025\/07\/Drehleier_Piro-1024x683.jpg\" alt=\"\" class=\"wp-image-99\" style=\"width:632px\" srcset=\"https:\/\/drehleier-werries.de\/fr\/wp-content\/uploads\/sites\/3\/2025\/07\/Drehleier_Piro-1024x683.jpg 1024w, https:\/\/drehleier-werries.de\/fr\/wp-content\/uploads\/sites\/3\/2025\/07\/Drehleier_Piro-300x200.jpg 300w, https:\/\/drehleier-werries.de\/fr\/wp-content\/uploads\/sites\/3\/2025\/07\/Drehleier_Piro-768x512.jpg 768w, https:\/\/drehleier-werries.de\/fr\/wp-content\/uploads\/sites\/3\/2025\/07\/Drehleier_Piro-1536x1024.jpg 1536w, https:\/\/drehleier-werries.de\/fr\/wp-content\/uploads\/sites\/3\/2025\/07\/Drehleier_Piro-2048x1365.jpg 2048w\" sizes=\"auto, (max-width: 1024px) 100vw, 1024px\" \/><\/a><\/figure>\n","protected":false},"excerpt":{"rendered":"<p>Je propose 3 mod\u00e8les diff\u00e9rents pour les diff\u00e9rentes applications. Esprimo E-Viga Piro Mon dernier mod\u00e8le, Piro, est pr\u00e9sent\u00e9 dans Le Son Continu.<\/p>\n","protected":false},"author":1,"featured_media":0,"parent":0,"menu_order":0,"comment_status":"closed","ping_status":"closed","template":"","meta":{"footnotes":""},"class_list":["post-17","page","type-page","status-publish","hentry"],"blocksy_meta":{"page_structure_type":"type-3","styles_descriptor":{"styles":{"desktop":"","tablet":"","mobile":""},"google_fonts":[],"version":6}},"yoast_head":"<!-- This site is optimized with the Yoast SEO plugin v25.5 - https:\/\/yoast.com\/wordpress\/plugins\/seo\/ -->\n<title>Mod\u00e8les - Vielle \u00e0 roue de Werries<\/title>\n<meta name=\"robots\" content=\"index, follow, max-snippet:-1, max-image-preview:large, max-video-preview:-1\" \/>\n<link rel=\"canonical\" href=\"https:\/\/drehleier-werries.de\/fr\/modeles\/\" \/>\n<meta property=\"og:locale\" content=\"fr_FR\" \/>\n<meta property=\"og:type\" content=\"article\" \/>\n<meta property=\"og:title\" content=\"Mod\u00e8les - Vielle \u00e0 roue de Werries\" \/>\n<meta property=\"og:description\" content=\"Je propose 3 mod\u00e8les diff\u00e9rents pour les diff\u00e9rentes applications. Esprimo E-Viga Piro Mon dernier mod\u00e8le, Piro, est pr\u00e9sent\u00e9 dans Le Son Continu.\" \/>\n<meta property=\"og:url\" content=\"https:\/\/drehleier-werries.de\/fr\/modeles\/\" \/>\n<meta property=\"og:site_name\" content=\"Vielle \u00e0 roue de Werries\" \/>\n<meta property=\"article:modified_time\" content=\"2025-07-06T18:28:08+00:00\" \/>\n<meta property=\"og:image\" content=\"https:\/\/drehleier-werries.de\/fr\/wp-content\/uploads\/sites\/3\/2025\/06\/esprimo-frei-1536x1024-1.jpg\" \/>\n\t<meta property=\"og:image:width\" content=\"1536\" \/>\n\t<meta property=\"og:image:height\" content=\"1024\" \/>\n\t<meta property=\"og:image:type\" content=\"image\/jpeg\" \/>\n<meta name=\"twitter:card\" content=\"summary_large_image\" \/>\n<meta name=\"twitter:label1\" content=\"Dur\u00e9e de lecture estim\u00e9e\" \/>\n\t<meta name=\"twitter:data1\" content=\"1 minute\" \/>\n<script type=\"application\/ld+json\" class=\"yoast-schema-graph\">{\"@context\":\"https:\/\/schema.org\",\"@graph\":[{\"@type\":\"WebPage\",\"@id\":\"https:\/\/drehleier-werries.de\/fr\/modeles\/\",\"url\":\"https:\/\/drehleier-werries.de\/fr\/modeles\/\",\"name\":\"Mod\u00e8les - Vielle \u00e0 roue de Werries\",\"isPartOf\":{\"@id\":\"https:\/\/drehleier-werries.de\/fr\/#website\"},\"primaryImageOfPage\":{\"@id\":\"https:\/\/drehleier-werries.de\/fr\/modeles\/#primaryimage\"},\"image\":{\"@id\":\"https:\/\/drehleier-werries.de\/fr\/modeles\/#primaryimage\"},\"thumbnailUrl\":\"https:\/\/drehleier-werries.de\/fr\/wp-content\/uploads\/sites\/3\/2025\/06\/esprimo-frei-1536x1024-1-1024x683.jpg\",\"datePublished\":\"2025-06-08T12:22:11+00:00\",\"dateModified\":\"2025-07-06T18:28:08+00:00\",\"breadcrumb\":{\"@id\":\"https:\/\/drehleier-werries.de\/fr\/modeles\/#breadcrumb\"},\"inLanguage\":\"fr-FR\",\"potentialAction\":[{\"@type\":\"ReadAction\",\"target\":[\"https:\/\/drehleier-werries.de\/fr\/modeles\/\"]}]},{\"@type\":\"ImageObject\",\"inLanguage\":\"fr-FR\",\"@id\":\"https:\/\/drehleier-werries.de\/fr\/modeles\/#primaryimage\",\"url\":\"https:\/\/drehleier-werries.de\/fr\/wp-content\/uploads\/sites\/3\/2025\/06\/esprimo-frei-1536x1024-1.jpg\",\"contentUrl\":\"https:\/\/drehleier-werries.de\/fr\/wp-content\/uploads\/sites\/3\/2025\/06\/esprimo-frei-1536x1024-1.jpg\",\"width\":1536,\"height\":1024,\"caption\":\"binary comment\"},{\"@type\":\"BreadcrumbList\",\"@id\":\"https:\/\/drehleier-werries.de\/fr\/modeles\/#breadcrumb\",\"itemListElement\":[{\"@type\":\"ListItem\",\"position\":1,\"name\":\"Startseite\",\"item\":\"https:\/\/drehleier-werries.de\/fr\/\"},{\"@type\":\"ListItem\",\"position\":2,\"name\":\"Mod\u00e8les\"}]},{\"@type\":\"WebSite\",\"@id\":\"https:\/\/drehleier-werries.de\/fr\/#website\",\"url\":\"https:\/\/drehleier-werries.de\/fr\/\",\"name\":\"Vielle \u00e0 roue de Werries\",\"description\":\"Atelier vielles \u00e0 roue Werries\",\"publisher\":{\"@id\":\"https:\/\/drehleier-werries.de\/fr\/#organization\"},\"potentialAction\":[{\"@type\":\"SearchAction\",\"target\":{\"@type\":\"EntryPoint\",\"urlTemplate\":\"https:\/\/drehleier-werries.de\/fr\/?s={search_term_string}\"},\"query-input\":{\"@type\":\"PropertyValueSpecification\",\"valueRequired\":true,\"valueName\":\"search_term_string\"}}],\"inLanguage\":\"fr-FR\"},{\"@type\":\"Organization\",\"@id\":\"https:\/\/drehleier-werries.de\/fr\/#organization\",\"name\":\"Vielle \u00e0 roue de Werries\",\"url\":\"https:\/\/drehleier-werries.de\/fr\/\",\"logo\":{\"@type\":\"ImageObject\",\"inLanguage\":\"fr-FR\",\"@id\":\"https:\/\/drehleier-werries.de\/fr\/#\/schema\/logo\/image\/\",\"url\":\"https:\/\/drehleier-werries.de\/fr\/wp-content\/uploads\/sites\/3\/2025\/07\/Logo-Drehleierwerkstatt-Werries-ohne-Hintergrund.png\",\"contentUrl\":\"https:\/\/drehleier-werries.de\/fr\/wp-content\/uploads\/sites\/3\/2025\/07\/Logo-Drehleierwerkstatt-Werries-ohne-Hintergrund.png\",\"width\":1024,\"height\":592,\"caption\":\"Vielle \u00e0 roue de Werries\"},\"image\":{\"@id\":\"https:\/\/drehleier-werries.de\/fr\/#\/schema\/logo\/image\/\"}}]}<\/script>\n<!-- \/ Yoast SEO plugin. -->","yoast_head_json":{"title":"Mod\u00e8les - Vielle \u00e0 roue de Werries","robots":{"index":"index","follow":"follow","max-snippet":"max-snippet:-1","max-image-preview":"max-image-preview:large","max-video-preview":"max-video-preview:-1"},"canonical":"https:\/\/drehleier-werries.de\/fr\/modeles\/","og_locale":"fr_FR","og_type":"article","og_title":"Mod\u00e8les - Vielle \u00e0 roue de Werries","og_description":"Je propose 3 mod\u00e8les diff\u00e9rents pour les diff\u00e9rentes applications. Esprimo E-Viga Piro Mon dernier mod\u00e8le, Piro, est pr\u00e9sent\u00e9 dans Le Son Continu.","og_url":"https:\/\/drehleier-werries.de\/fr\/modeles\/","og_site_name":"Vielle \u00e0 roue de Werries","article_modified_time":"2025-07-06T18:28:08+00:00","og_image":[{"width":1536,"height":1024,"url":"https:\/\/drehleier-werries.de\/fr\/wp-content\/uploads\/sites\/3\/2025\/06\/esprimo-frei-1536x1024-1.jpg","type":"image\/jpeg"}],"twitter_card":"summary_large_image","twitter_misc":{"Dur\u00e9e de lecture estim\u00e9e":"1 minute"},"schema":{"@context":"https:\/\/schema.org","@graph":[{"@type":"WebPage","@id":"https:\/\/drehleier-werries.de\/fr\/modeles\/","url":"https:\/\/drehleier-werries.de\/fr\/modeles\/","name":"Mod\u00e8les - Vielle \u00e0 roue de Werries","isPartOf":{"@id":"https:\/\/drehleier-werries.de\/fr\/#website"},"primaryImageOfPage":{"@id":"https:\/\/drehleier-werries.de\/fr\/modeles\/#primaryimage"},"image":{"@id":"https:\/\/drehleier-werries.de\/fr\/modeles\/#primaryimage"},"thumbnailUrl":"https:\/\/drehleier-werries.de\/fr\/wp-content\/uploads\/sites\/3\/2025\/06\/esprimo-frei-1536x1024-1-1024x683.jpg","datePublished":"2025-06-08T12:22:11+00:00","dateModified":"2025-07-06T18:28:08+00:00","breadcrumb":{"@id":"https:\/\/drehleier-werries.de\/fr\/modeles\/#breadcrumb"},"inLanguage":"fr-FR","potentialAction":[{"@type":"ReadAction","target":["https:\/\/drehleier-werries.de\/fr\/modeles\/"]}]},{"@type":"ImageObject","inLanguage":"fr-FR","@id":"https:\/\/drehleier-werries.de\/fr\/modeles\/#primaryimage","url":"https:\/\/drehleier-werries.de\/fr\/wp-content\/uploads\/sites\/3\/2025\/06\/esprimo-frei-1536x1024-1.jpg","contentUrl":"https:\/\/drehleier-werries.de\/fr\/wp-content\/uploads\/sites\/3\/2025\/06\/esprimo-frei-1536x1024-1.jpg","width":1536,"height":1024,"caption":"binary comment"},{"@type":"BreadcrumbList","@id":"https:\/\/drehleier-werries.de\/fr\/modeles\/#breadcrumb","itemListElement":[{"@type":"ListItem","position":1,"name":"Startseite","item":"https:\/\/drehleier-werries.de\/fr\/"},{"@type":"ListItem","position":2,"name":"Mod\u00e8les"}]},{"@type":"WebSite","@id":"https:\/\/drehleier-werries.de\/fr\/#website","url":"https:\/\/drehleier-werries.de\/fr\/","name":"Vielle \u00e0 roue de Werries","description":"Atelier vielles \u00e0 roue Werries","publisher":{"@id":"https:\/\/drehleier-werries.de\/fr\/#organization"},"potentialAction":[{"@type":"SearchAction","target":{"@type":"EntryPoint","urlTemplate":"https:\/\/drehleier-werries.de\/fr\/?s={search_term_string}"},"query-input":{"@type":"PropertyValueSpecification","valueRequired":true,"valueName":"search_term_string"}}],"inLanguage":"fr-FR"},{"@type":"Organization","@id":"https:\/\/drehleier-werries.de\/fr\/#organization","name":"Vielle \u00e0 roue de Werries","url":"https:\/\/drehleier-werries.de\/fr\/","logo":{"@type":"ImageObject","inLanguage":"fr-FR","@id":"https:\/\/drehleier-werries.de\/fr\/#\/schema\/logo\/image\/","url":"https:\/\/drehleier-werries.de\/fr\/wp-content\/uploads\/sites\/3\/2025\/07\/Logo-Drehleierwerkstatt-Werries-ohne-Hintergrund.png","contentUrl":"https:\/\/drehleier-werries.de\/fr\/wp-content\/uploads\/sites\/3\/2025\/07\/Logo-Drehleierwerkstatt-Werries-ohne-Hintergrund.png","width":1024,"height":592,"caption":"Vielle \u00e0 roue de Werries"},"image":{"@id":"https:\/\/drehleier-werries.de\/fr\/#\/schema\/logo\/image\/"}}]}},"_links":{"self":[{"href":"https:\/\/drehleier-werries.de\/fr\/wp-json\/wp\/v2\/pages\/17","targetHints":{"allow":["GET"]}}],"collection":[{"href":"https:\/\/drehleier-werries.de\/fr\/wp-json\/wp\/v2\/pages"}],"about":[{"href":"https:\/\/drehleier-werries.de\/fr\/wp-json\/wp\/v2\/types\/page"}],"author":[{"embeddable":true,"href":"https:\/\/drehleier-werries.de\/fr\/wp-json\/wp\/v2\/users\/1"}],"replies":[{"embeddable":true,"href":"https:\/\/drehleier-werries.de\/fr\/wp-json\/wp\/v2\/comments?post=17"}],"version-history":[{"count":10,"href":"https:\/\/drehleier-werries.de\/fr\/wp-json\/wp\/v2\/pages\/17\/revisions"}],"predecessor-version":[{"id":105,"href":"https:\/\/drehleier-werries.de\/fr\/wp-json\/wp\/v2\/pages\/17\/revisions\/105"}],"wp:attachment":[{"href":"https:\/\/drehleier-werries.de\/fr\/wp-json\/wp\/v2\/media?parent=17"}],"curies":[{"name":"wp","href":"https:\/\/api.w.org\/{rel}","templated":true}]}}